{"id":105,"date":"2016-04-05T19:36:41","date_gmt":"2016-04-05T16:36:41","guid":{"rendered":"https:\/\/atesoglumobilya.com\/v5\/?page_id=105"},"modified":"2016-05-25T18:16:03","modified_gmt":"2016-05-25T15:16:03","slug":"hakkimizda","status":"publish","type":"page","link":"https:\/\/atesoglumobilya.com\/v5\/hakkimizda\/","title":{"rendered":"Hakk\u0131m\u0131zda"},"content":{"rendered":"<div class=\"textwidget\">\n<p style=\"text-align: justify;\" align=\"justify\">Ate\u015fo\u011flu Mobilya ve Dekorasyon olarak ticaret hayat\u0131m\u0131za 1996 y\u0131l\u0131nda, Bursa&#8217;da ba\u015flad\u0131k. Hedeflerimizi y\u00fcksek tuttuk. Birikimlerimizi do\u011fru kulland\u0131k. K\u0131sa zamanda ev mobilya dekorasyonunda \u00fcretime ge\u00e7tik. Bursa da mobilya sekt\u00f6r\u00fcnde \u00f6nemli bir rol \u00fcstlendik. Yat\u0131r\u0131mlar\u0131m\u0131zda \u00f6nceli\u011fi insana ve teknolojiye verdik. TSE standartlar\u0131n\u0131n \u00fczerinde \u00fcretim ve hizmet sa\u011flamay\u0131 ilke edindik.<\/p>\n<p style=\"text-align: justify;\" align=\"justify\">Bu ilkelerden \u00f6d\u00fcn vermeden \u00e7al\u0131\u015ft\u0131k; yat\u0131r\u0131mlara ve b\u00fcy\u00fcmeye devam ettik. Yapm\u0131\u015f oldu\u011fumuz ve yapacak i\u015flerimizi zaman\u0131nda teslim ederek, m\u00fc\u015fteri memnuniyeti sa\u011flamaktay\u0131z. Ba\u011fl\u0131 kald\u0131\u011f\u0131m\u0131z prensiplerimiz sonucunda, bug\u00fcn Bursa&#8217;n\u0131n d\u0131\u015f\u0131nda di\u011fer illerimizde de hizmet vermeye devam ediyoruz.<\/p>\n<\/div>\n","protected":false},"excerpt":{"rendered":"<p>Ate\u015fo\u011flu Mobilya ve Dekorasyon olarak ticaret hayat\u0131m\u0131za 1996 y\u0131l\u0131nda, Bursa&#8217;da ba\u015flad\u0131k. Hedeflerimizi y\u00fcksek tuttuk. Birikimlerimizi do\u011fru kulland\u0131k. K\u0131sa zamanda ev mobilya dekorasyonunda \u00fcretime ge\u00e7tik. Bursa da<span class=\"excerpt-hellip\"> [\u2026]<\/span><\/p>\n","protected":false},"author":2,"featured_media":0,"parent":0,"menu_order":0,"comment_status":"closed","ping_status":"closed","template":"","meta":{"footnotes":""},"_links":{"self":[{"href":"https:\/\/atesoglumobilya.com\/v5\/wp-json\/wp\/v2\/pages\/105"}],"collection":[{"href":"https:\/\/atesoglumobilya.com\/v5\/wp-json\/wp\/v2\/pages"}],"about":[{"href":"https:\/\/atesoglumobilya.com\/v5\/wp-json\/wp\/v2\/types\/page"}],"author":[{"embeddable":true,"href":"https:\/\/atesoglumobilya.com\/v5\/wp-json\/wp\/v2\/users\/2"}],"replies":[{"embeddable":true,"href":"https:\/\/atesoglumobilya.com\/v5\/wp-json\/wp\/v2\/comments?post=105"}],"version-history":[{"count":2,"href":"https:\/\/atesoglumobilya.com\/v5\/wp-json\/wp\/v2\/pages\/105\/revisions"}],"predecessor-version":[{"id":307,"href":"https:\/\/atesoglumobilya.com\/v5\/wp-json\/wp\/v2\/pages\/105\/revisions\/307"}],"wp:attachment":[{"href":"https:\/\/atesoglumobilya.com\/v5\/wp-json\/wp\/v2\/media?parent=105"}],"curies":[{"name":"wp","href":"https:\/\/api.w.org\/{rel}","templated":true}]}}